{"id":870,"date":"2020-08-12T08:49:19","date_gmt":"2020-08-12T08:49:19","guid":{"rendered":"https:\/\/testdimensione.vargiuscuola.it\/?page_id=870"},"modified":"2025-10-17T11:27:31","modified_gmt":"2025-10-17T11:27:31","slug":"cosa-facciamo-interna","status":"publish","type":"page","link":"https:\/\/vargiuscuola.it\/index.php\/cosa-facciamo-interna\/","title":{"rendered":"Cosa facciamo"},"content":{"rendered":"<p>Vargiu Scuola fornisce alle scuole servizi di assistenza e consulenza finalizzati al conseguimento degli obiettivi imposti dalla vigente normativa italiana ed europea in materia di <strong>privacy, trasparenza, accessibilit\u00e0, digitalizzazione (CAD) e lotta alla corruzione<\/strong>. La difficolt\u00e0 insita nel perseguimento di tali obiettivi sta nel fatto che adempimenti formali sono solo soluzioni illusorie, per cui sono del tutto inadeguati interventi:<\/p>\n<ul>\n<li>orientati ad un adempimento statico delle norme (una volta messe a posto le cose, non ci si torna pi\u00f9 sopra);<\/li>\n<li>avulsi dai processi organizzativi ovvero incapaci di incidere sui medesimi e, quindi, superficiali o di facciata.<\/li>\n<\/ul>\n<p>E\u2019 invece necessario che l\u2019amministrazione riveda la propria organizzazione e le proprie procedure per creare un efficace modello di gestione aziendale che consenta la transizione al digitale, come imposto dal Codice dell&#8217;Amministrazione Digitale (CAD), nel rispetto degli obblighi derivanti dalla normativa in materia di privacy e trasparenza.<\/p>\n<h3>Il Responsabile Protezione Dati (RPD o DPO)<\/h3>\n<p>La prima proposta che presentiamo alle scuole interessate ai nostri servizi \u00e8 quella per l&#8217;assunzione del ruolo di <strong>Responsabili della Protezione dei Dati (RPD o DPO)<\/strong>, figura prevista dal Regolamento UE 679\/2016 e che deve essere presente in tutte le pubbliche amministrazioni con lo scopo di aiutare al rispetto delle disposizioni di legge in materia di privacy. Nel contratto inclusi i servizi di assistenza e consulenza in materia di privacy, trasparenza, accessibilit\u00e0, lotta alla corruzione e digitalizzazione delle PA (CAD) specificatamente pensati per un contesto scolastico.<br \/>\nPer facilitare l\u2019accesso ai nostri servizi abbiamo messo a catalogo MEPA i seguenti codici a disposizione per un affidamento diretto:<\/p>\n<ul>\n<li><a href=\"https:\/\/vargiuscuola.it\/wp-content\/uploads\/2025\/10\/proposta_RPD_IA2025.pdf\" target=\"_blank\" rel=\"noopener noreferrer\"><strong>VS-RPDIA-1A<\/strong><\/a>: contratto annuale per l&#8217;incarico di RPD<\/li>\n<li><a href=\"https:\/\/vargiuscuola.it\/wp-content\/uploads\/2025\/10\/proposta_RPD_IA2025.pdf\" target=\"_blank\" rel=\"noopener noreferrer\"><strong>VS-RPDIA-3A<\/strong><\/a>: contratto triennale per l&#8217;incarico RPD. La durata triennale \u00e8 un vincolo per VargiuScuola, che si impegna a fornire i servizi in seguito al pagamento di un canone annuale fissato dal contratto, ma non per l\u2019amministrazione scolastica che ha possibilit\u00e0 di recesso annuale senza necessit\u00e0 di motivazione (la scuola pu\u00f2 anche prendere impegni anno per anno con cig annuali).<\/li>\n<\/ul>\n<h3>Il Referente normativo<\/h3>\n<p>Ove la scuola avesse gi\u00e0 il proprio RPD e fosse interessata ai servizi di assistenza e consulenza normativa Vargiu Scuola ha messo a catalogo MEPA i seguenti codici:<\/p>\n<ul>\n<li><a href=\"https:\/\/vargiuscuola.it\/wp-content\/uploads\/2025\/10\/proposta_VS-CONSIA2025.pdf\" target=\"_blank\" rel=\"noopener noreferrer\"><strong>VS-CONSIA-1A<\/strong><\/a>: contratto annuale per l\u2019assistenza e consulenza per l&#8217;attuazione della normativa in materia di privacy, trasparenza, accessibilit\u00e0, digitalizzazione della PA (CAD) e lotta alla corruzione<\/li>\n<li><a href=\"https:\/\/vargiuscuola.it\/wp-content\/uploads\/2025\/10\/proposta_VS-CONSIA2025.pdf\" target=\"_blank\" rel=\"noopener noreferrer\"><strong>VS-CONSIA-3A<\/strong><\/a>: contratto triennale per l\u2019assistenza e consulenza per l&#8217;attuazione della normativa in materia di privacy, trasparenza, accessibilit\u00e0, digitalizzazione della PA (CAD) e lotta alla corruzione. La durata triennale \u00e8 un vincolo per VargiuScuola ma non per l\u2019amministrazione scolastica che ha possibilit\u00e0 di recesso annuale senza necessit\u00e0 di motivazione.<\/li>\n<\/ul>\n<h3>Servizi di formazione<\/h3>\n<p>Per l&#8217;attuazione della normativa vigente \u00e8 fondamentale l&#8217;attivit\u00e0 di <strong>formazione del personale<\/strong> che VargiuScuola propone di svolgere all&#8217;interno della propria piattaforma di e-learning. In essa sono a disposizione webinar e corsi nelle diverse materie con particolare evidenza per la formazione sulla privacy (<a href=\"https:\/\/vargiuscuola.it\/wp-content\/uploads\/2022\/10\/Offerta-formazione-privacy-AS-2022-23_signed.pdf\">vedere le nostre proposte<\/a> per il personale docente e quello amministrativo e direttivo).\u00a0 VargiuScuoola \u00e8 anche attivo nella <strong>formazione all&#8217;uso della G Suite<\/strong> per lo svolgimento dell&#8217;attivit\u00e0 didattica come di quella amministrativa. Allo scopo Vargiu Scuola ha allestito una piattaforma di e-learning appositamente destinata alla formazione cui potranno accedere tutti gli utenti registrati nel dominio G Suite del proprio istituto. La nostra piattaforma illustra, attraverso <strong>testi e videoguide<\/strong>, quali sono gli strumenti messi a disposizione dalla G Suite ed il loro utilizzo in ambito scolastico.<\/p>\n<h3>Servizi di assistenza e consulenza al team digitale sulla piattaforma Google Workspace per DAD e Smart Working<\/h3>\n<p>Per le scuole che hanno adottato Google Workspace come piattaforma per lo svolgimento della didattica a distanza (DAD) e dell&#8217;attivit\u00e0 lavorativa in modalit\u00e0 Smart Working (SW) Vargiu Scuola ha pensato ad un servizio specifico per affrontare la sfida in tutta la sua complessit\u00e0 senza le banalizzazioni che riducono tutto agli aspetti tecnici (di cui ci occupiamo comunque all&#8217;interno del contratto). <span id=\"docs-internal-guid-a66d9a07-7fff-82f1-6de4-53976dd7beca\">E&#8217; invece necessario avere una visione complessiva dei problemi legati all&#8217;installazione e alla gestione della piattaforma G Suite, la cui assistenza \u00e8 inclusa in contratto, e la consapevolezza che \u00e8 necessario affrontare anche aspetti organizzativo\/normativi con rilevanti impatti sulla privacy, la trasparenza e la digitalizzazione dell&#8217;attivit\u00e0 didattica ed amministrativa della scuola, la cui consulenza \u00e8 anch&#8217;essa inclusa in contratto.<\/span><\/p>\n<p><a href=\"https:\/\/vargiuscuola.it\/attachments\/article\/510\/335-21%20preventivo%20servizi%20G%20Suite%20AS%2021-22%20-%20nuovo_signed.pdf\"><strong>VargiuScuola propone quindi un contratto annuale<\/strong><\/a> per i servizi di assistenza e consulenza per l&#8217;installazione, la configurazione e la gestione di Google Workspace e quelli per la definizione delle procedure, la revisione dell&#8217;organizzazione e la produzione della documentazione necessaria per il rispetto della normativa in materia di privacy, trasparenza accessibilit\u00e0 e digitalizzazione della PA (CAD).<\/p>\n<h3>VotoRemoto: applicazione per la gestione delle votazioni per il Consiglio di Istituto da remoto<\/h3>\n<p>Per consentire la conduzione in sicurezza delle attivit\u00e0 per il rinnovo del consiglio di istituto nel rispetto delle misure anticovid,\u00a0 VargiuScuola ha proposto alle scuole l&#8217;applicazione <a href=\"https:\/\/votoremoto.it\/\">VotoRemoto<\/a> che \u00e8 stata utilizzata con grande successo da pi\u00f9 di 10o istituti scolastici e 165.000 elettori. Visto l&#8217;elevato <a href=\"https:\/\/vargiuscuola.it\/attachments\/article\/510\/Le%20opinioni%20dei%20votanti%20su%20VotoRemoto.pdf\">grado di soddisfazione riscontrato<\/a> \u00e8 nostra intenzione riproporre l&#8217;uso dell&#8217;applicazione per le prossime votazioni del consiglio di istituto o di altri organi collegiali.<\/p>\n<h3>ColloquioRemoto: applicazione per la gestione dei colloqui con i genitori da remoto<\/h3>\n<p>Le misure di contenimento del Covid hanno anche impedito il regolare svolgimento in presenza dei colloqui con i genitori. VargiuScuola ha quindi sviluppato una applicazione che consente la gestione dei colloqui collettivi con i genitori nell&#8217;arco di una o pi\u00f9 giornate e la conduzione di essi in videoconferenza utilizzando PC, tablet o smartphone. L&#8217;applicazione si basa sulla prenotazione via web del colloquio da parte dei genitori e la gestione della relativa coda da parte <a href=\"https:\/\/colloquioremoto.it\/\">dell&#8217;applicazione ColloquioRemoto<\/a> che invita il genitore di turno al collegamento in videoconferenza con il docente.<\/p>\n<h3>La piattaforma di gestione documentale Alfresco<\/h3>\n<p>Per la fornitura dei servizi di assistenza e consulenza Vargiu Scuola ha sviluppato sulla piattaforma open source Alfresco un ambiente che fornisce:<\/p>\n<ul>\n<li>Accesso a siti tematici in materia di Privacy, Trasparenza, CAD e lotta alla corruzione sviluppati da Vargiu Scuola<\/li>\n<li>Accesso a circolari, comunicazioni ed articoli Vargiu Scuola<\/li>\n<li>Accesso a cartelle condivise contenenti bozze e modelli dei documenti proposti da Vargiu Scuola (informative, consenso, lettere di nomina, linee guida, disciplinari, registro dei trattamenti, regolamenti, DPIA, etc.)<\/li>\n<li>Accesso a cartelle private in cui le scuole possono archiviare le loro versioni personalizzate (ed ufficiali) dei documenti proposti per consentire la gestione della documentazione e la verifica da parte di Vargiu Scuola<\/li>\n<li>utilizzo di strumenti di lavoro collaborativo<\/li>\n<\/ul>\n<p>Per ulteriori informazioni andare alla pagina <a href=\"https:\/\/vargiuscuola.it\/index.php\/2019\/08\/05\/alfresco-gestione-documentale\/\">piattaforma di gestione documentale Alfresco<\/a><\/p>\n<p>&nbsp;<\/p>\n","protected":false},"excerpt":{"rendered":"<p>Vargiu Scuola fornisce alle scuole servizi di assistenza e consulenza finalizzati al conseguimento degli obiettivi imposti dalla vigente normativa italiana [&hellip;]<\/p>\n","protected":false},"author":1,"featured_media":0,"parent":0,"menu_order":0,"comment_status":"closed","ping_status":"closed","template":"page-templates\/template_fullwidth.php","meta":{"footnotes":""},"class_list":["post-870","page","type-page","status-publish","hentry"],"publishpress_future_action":{"enabled":false,"date":"2026-05-10 08:11:49","action":"change-status","newStatus":"draft","terms":[],"taxonomy":""},"_links":{"self":[{"href":"https:\/\/vargiuscuola.it\/index.php\/wp-json\/wp\/v2\/pages\/870"}],"collection":[{"href":"https:\/\/vargiuscuola.it\/index.php\/wp-json\/wp\/v2\/pages"}],"about":[{"href":"https:\/\/vargiuscuola.it\/index.php\/wp-json\/wp\/v2\/types\/page"}],"author":[{"embeddable":true,"href":"https:\/\/vargiuscuola.it\/index.php\/wp-json\/wp\/v2\/users\/1"}],"replies":[{"embeddable":true,"href":"https:\/\/vargiuscuola.it\/index.php\/wp-json\/wp\/v2\/comments?post=870"}],"version-history":[{"count":30,"href":"https:\/\/vargiuscuola.it\/index.php\/wp-json\/wp\/v2\/pages\/870\/revisions"}],"predecessor-version":[{"id":1737,"href":"https:\/\/vargiuscuola.it\/index.php\/wp-json\/wp\/v2\/pages\/870\/revisions\/1737"}],"wp:attachment":[{"href":"https:\/\/vargiuscuola.it\/index.php\/wp-json\/wp\/v2\/media?parent=870"}],"curies":[{"name":"wp","href":"https:\/\/api.w.org\/{rel}","templated":true}]}}